{"id":4949,"date":"2020-10-26T20:05:24","date_gmt":"2020-10-26T20:05:24","guid":{"rendered":"http:\/\/natural-smiles.local\/accueil\/"},"modified":"2022-09-08T13:32:28","modified_gmt":"2022-09-08T13:32:28","slug":"accueil","status":"publish","type":"page","link":"https:\/\/natural-smiles.ca\/fr\/","title":{"rendered":"Accueil"},"content":{"rendered":"<div class=\"gb-container gb-container-d3fd7850\"><div class=\"gb-inside-container\">\n<div class=\"gb-grid-wrapper gb-grid-wrapper-af6103eb\">\n<div class=\"gb-grid-column gb-grid-column-8f41981c\"><div class=\"gb-container gb-container-8f41981c\"><div class=\"gb-inside-container\">\n\n<p class=\"gb-headline gb-headline-63a7ed68\"><span class=\"gb-icon\"><svg xmlns=\"http:\/\/www.w3.org\/2000\/svg\" viewbox=\"0 0 36.7 3\"><path d=\"M0 0h36.7v3H0z\"><\/path><\/svg><\/span><span class=\"gb-headline-text\">A partir de 99$<\/span><\/p>\n\n\n\n<h1 class=\"gb-headline gb-headline-450cb49b gb-headline-text\">Un sourire plus blanc et brillant en 20 minutes!<\/h1>\n\n\n<div class=\"gb-button-wrapper gb-button-wrapper-b5a6cce5\">\n\n<a class=\"gb-button gb-button-42d709de gb-button-text button\" href=\"tel:5068568612\">Appelez 506.856.8612<\/a>\n\n\n\n<a class=\"gb-button gb-button-fbf456cd gb-button-text button\" href=\"https:\/\/booking.appointy.com\/natural-smiles\" target=\"_blank\" rel=\"noopener noreferrer\">Prendre un rendez-vous en ligne<\/a>\n\n<\/div>\n<\/div><\/div><\/div>\n<\/div>\n<\/div><\/div>\n\n<div class=\"gb-container gb-container-402dc025\"><div class=\"gb-inside-container\">\n<div class=\"gb-grid-wrapper gb-grid-wrapper-bd818bdf\">\n<div class=\"gb-grid-column gb-grid-column-8f208096\"><div class=\"gb-container gb-container-8f208096\"><div class=\"gb-inside-container\">\n\n<p class=\"gb-headline gb-headline-022adf14 gb-headline-text\">133 rue Lorette<br>Dieppe, N.-B.<\/p>\n\n<\/div><\/div><\/div>\n\n<div class=\"gb-grid-column gb-grid-column-548b511f\"><div class=\"gb-container gb-container-548b511f\"><div class=\"gb-inside-container\">\n\n<p class=\"gb-headline gb-headline-4129ea53 gb-headline-text\"><a href=\"tel:5068568612\">506.856.8612<\/a><br><a href=\"mailto:monic@natural-smiles.ca\">monic@natural-smiles.ca<\/a><\/p>\n\n<\/div><\/div><\/div>\n\n<div class=\"gb-grid-column gb-grid-column-413124b6\"><div class=\"gb-container gb-container-413124b6\"><div class=\"gb-inside-container\">\n\n<p class=\"gb-headline gb-headline-0c674fa5 gb-headline-text\">Bilingual<br>service<\/p>\n\n<\/div><\/div><\/div>\n<\/div>\n<\/div><\/div>\n\n<div class=\"gb-container gb-container-48442123\"><div class=\"gb-inside-container\">\n<div class=\"gb-grid-wrapper gb-grid-wrapper-e990bd06\">\n<div class=\"gb-grid-column gb-grid-column-a081b176\"><div class=\"gb-container gb-container-a081b176\"><div class=\"gb-inside-container\">\n\n<p class=\"gb-headline gb-headline-eb099c8d\"><span class=\"gb-icon\"><svg viewbox=\"0 0 36.7 3\" xmlns=\"http:\/\/www.w3.org\/2000\/svg\"><path d=\"M0 0h36.7v3H0z\"><\/path><\/svg><\/span><span class=\"gb-headline-text\">Bienvenue<\/span><\/p>\n\n\n\n<h2 class=\"gb-headline gb-headline-5ed2ab72 gb-headline-text\">Blanchiment des dents professionnel au Grand Moncton<\/h2>\n\n\n\n<p>Natural Smiles est un centre de blanchiment des dents professionnel et abordable qui offre des r\u00e9sultats imm\u00e9diats. Contrairement aux White Strips et autres produits, chez Natural-Smiles nous proposons un produit et un service \u00e0 la fois rentable et rapides : un traitement \u00e0 99$ qui offre un blanchiment <strong>instantan\u00e9<\/strong>!<\/p>\n\n\n\n<p>Nous sommes approuv\u00e9s par la FDA\/Sant\u00e9 Canada et nos produits respectent et d\u00e9passent les r\u00e9glementations. J&rsquo;esp\u00e8re vous voir bientot!<\/p>\n\n\n\n<p><em>\u2013 Monic Poitras, propri\u00e9taire<\/em><\/p>\n\n<\/div><\/div><\/div>\n\n<div class=\"gb-grid-column gb-grid-column-59b3752c\"><div class=\"gb-container gb-container-59b3752c\"><div class=\"gb-inside-container\">\n\n<figure class=\"wp-block-image size-full blue-shadow img\"><img loading=\"lazy\" decoding=\"async\" width=\"442\" height=\"458\" src=\"https:\/\/natural-smiles.ca\/wp-content\/uploads\/2022\/04\/MONIC.jpg\" alt=\"\" class=\"wp-image-4752\" srcset=\"https:\/\/natural-smiles.ca\/wp-content\/uploads\/2022\/04\/MONIC.jpg 442w, https:\/\/natural-smiles.ca\/wp-content\/uploads\/2022\/04\/MONIC-290x300.jpg 290w\" sizes=\"auto, (max-width: 442px) 100vw, 442px\" \/><\/figure>\n\n<\/div><\/div><\/div>\n<\/div>\n\n\n<div style=\"height:140px\" aria-hidden=\"true\" class=\"wp-block-spacer\"><\/div>\n\n\n\n<h3 class=\"gb-headline gb-headline-0a9f7a6e\"><span class=\"gb-icon\"><svg viewbox=\"0 0 36.7 3\" xmlns=\"http:\/\/www.w3.org\/2000\/svg\"><path d=\"M0 0h36.7v3H0z\"><\/path><\/svg><\/span><span class=\"gb-headline-text\">Comment fonctionne notre traitement<\/span><\/h3>\n\n\n\n<p class=\"has-text-align-center\">Nous utilisons une technologie LED de pointe pour blanchir les dents rapidement et en toute s\u00e9curit\u00e9.<\/p>\n\n\n<div class=\"gb-button-wrapper gb-button-wrapper-197fe39b\">\n\n<a class=\"gb-button gb-button-458ee487 gb-button-text\" href=\"https:\/\/natural-smiles.ca\/fr\/blanchiment-dentaire\/\">En savoir plus<\/a>\n\n<\/div>\n<\/div><\/div>\n\n<div class=\"gb-container gb-container-cced38c7\"><div class=\"gb-inside-container\">\n\n<h3 class=\"gb-headline gb-headline-bd0982fe\"><span class=\"gb-icon\"><svg viewbox=\"0 0 36.7 3\" xmlns=\"http:\/\/www.w3.org\/2000\/svg\"><path d=\"M0 0h36.7v3H0z\"><\/path><\/svg><\/span><span class=\"gb-headline-text\">Commentaires de nos clients<\/span><\/h3>\n\n\n\n<p class=\"has-text-align-center\">\u2b50\u2b50\u2b50\u2b50\u2b50<\/p>\n\n\n<div class=\"gb-grid-wrapper gb-grid-wrapper-40ac0aad\">\n<div class=\"gb-grid-column gb-grid-column-72224779\"><div class=\"gb-container gb-container-72224779\"><div class=\"gb-inside-container\">\n\n<h4 class=\"gb-headline gb-headline-70db4038 gb-headline-text\">P.S.<\/h4>\n\n\n\n<p>Un service g\u00e9nial et Monic est incroyable, expliquant tout ce qu&rsquo;elle fait et s&rsquo;assurant que vous \u00eates \u00e0 l&rsquo;aise. Le prix est super, c&rsquo;est comme avoir de nouvelles dents. Je recommande vivement, merci Monic!<\/p>\n\n<\/div><\/div><\/div>\n\n<div class=\"gb-grid-column gb-grid-column-2df95670\"><div class=\"gb-container gb-container-2df95670\"><div class=\"gb-inside-container\">\n\n<h4 class=\"gb-headline gb-headline-d0760bcc gb-headline-text\">Z.M.<\/h4>\n\n\n\n<p>Monic est tr\u00e8s professionnelle, elle s&rsquo;assure que vous comprenez tout le processus. Mon sourire est maintenant beaucoup plus blanc et je recommande Monic ainsi que Natural Smiles \u00e0 tout le monde.<\/p>\n\n<\/div><\/div><\/div>\n\n<div class=\"gb-grid-column gb-grid-column-98085887\"><div class=\"gb-container gb-container-98085887\"><div class=\"gb-inside-container\">\n\n<h4 class=\"gb-headline gb-headline-69afaa6b gb-headline-text\">A.C.<\/h4>\n\n\n\n<p>Belle exp\u00e9rience. Le processus est tr\u00e8s bien expliqu\u00e9 et l&rsquo;exp\u00e9rience est formidable lorsque vous \u00eates assis dans un fauteuil de massage inclinable et que vous regardez la t\u00e9l\u00e9vision ou \u00e9coutez de la musique pendant votre traitement. Les r\u00e9sultats sont fantastiques et instantan\u00e9s!<\/p>\n\n<\/div><\/div><\/div>\n<\/div>\n\n<div class=\"gb-button-wrapper gb-button-wrapper-f50cc7f0\">\n\n<a class=\"gb-button gb-button-4d56ebb8 gb-button-text button\" href=\"https:\/\/www.google.com\/search?hl=en&amp;q=natural%20smiles%20moncton#lrd=0x4ca0b938408286cf:0x247ff8370387397a,1,,,\" target=\"_blank\" rel=\"noopener noreferrer\">D&rsquo;autres t\u00e9moignages<\/a>\n\n<\/div>\n<\/div><\/div>\n\n<div class=\"gb-container gb-container-c35dd0b2\"><div class=\"gb-inside-container\">\n<div class=\"gb-grid-wrapper gb-grid-wrapper-757e03a3\">\n<div class=\"gb-grid-column gb-grid-column-fa236c2e\"><div class=\"gb-container gb-container-fa236c2e\"><div class=\"gb-inside-container\">\n\n<figure class=\"wp-block-image size-full blue-shadow img\"><img loading=\"lazy\" decoding=\"async\" width=\"600\" height=\"600\" src=\"https:\/\/natural-smiles.ca\/wp-content\/uploads\/2022\/04\/chair-square.jpg\" alt=\"\" class=\"wp-image-4781\" srcset=\"https:\/\/natural-smiles.ca\/wp-content\/uploads\/2022\/04\/chair-square.jpg 600w, https:\/\/natural-smiles.ca\/wp-content\/uploads\/2022\/04\/chair-square-300x300.jpg 300w, https:\/\/natural-smiles.ca\/wp-content\/uploads\/2022\/04\/chair-square-150x150.jpg 150w\" sizes=\"auto, (max-width: 600px) 100vw, 600px\" \/><\/figure>\n\n<\/div><\/div><\/div>\n\n<div class=\"gb-grid-column gb-grid-column-9ff8edc9\"><div class=\"gb-container gb-container-9ff8edc9\"><div class=\"gb-inside-container\">\n\n<p class=\"gb-headline gb-headline-13404956\"><span class=\"gb-icon\"><svg viewbox=\"0 0 36.7 3\" xmlns=\"http:\/\/www.w3.org\/2000\/svg\"><path d=\"M0 0h36.7v3H0z\"><\/path><\/svg><\/span><span class=\"gb-headline-text\">Notre promesse<\/span><\/p>\n\n\n\n<h2 class=\"gb-headline gb-headline-a320adae gb-headline-text\">Votre sant\u00e9 et votre s\u00e9curit\u00e9 sont toujours notre priorit\u00e9 num\u00e9ro un. <\/h2>\n\n\n\n<p>La technologie de blanchiment des dents de Natural Smiles ram\u00e8nera vos dents comme elles \u00e9taient avant que le caf\u00e9, le vin rouge, la nicotine et la nourriture ne fassent des ravages. Notre proc\u00e9d\u00e9 est s\u00fbr et efficace et vous donne des r\u00e9sultats instantan\u00e9s d&rsquo;apparence naturelle jusqu&rsquo;\u00e0 8 nuances plus blanches qu&rsquo;auparavant. Prenez rendez-vous et voyez par vous-m\u00eame!<\/p>\n\n<\/div><\/div><\/div>\n<\/div>\n<\/div><\/div>\n\n<div class=\"gb-container gb-container-8ad6ffa8\"><div class=\"gb-inside-container\">\n<div class=\"gb-grid-wrapper gb-grid-wrapper-5004a20b\">\n<div class=\"gb-grid-column gb-grid-column-dcb52c43\"><div class=\"gb-container gb-container-dcb52c43\"><div class=\"gb-inside-container\">\n<div class=\"gb-container gb-container-56fb7932\"><div class=\"gb-inside-container\">\n\n<h2 class=\"gb-headline gb-headline-2179f63e gb-headline-text\">Session initiale<\/h2>\n\n\n\n<h3 class=\"gb-headline gb-headline-56cf6299 gb-headline-text\">20 Minutes<\/h3>\n\n<\/div><\/div>\n\n<div class=\"gb-container gb-container-306616a6\"><div class=\"gb-inside-container\">\n\n<h3 class=\"gb-headline gb-headline-ed6c4175 gb-headline-text\">99$<\/h3>\n\n\n\n<h6 class=\"gb-headline gb-headline-b460f1d5 gb-headline-text\">Bon pour des r\u00e9sultats rapides<\/h6>\n\n\n\n<ul class=\"wp-block-list\"><li>Un gel \u00e0 base de vitamine E est appliqu\u00e9 sur vos gencives pour les prot\u00e9ger<\/li><li>Un gel blanchissant est appliqu\u00e9 sur vos dents<\/li><li>Une lumi\u00e8re LED active le gel de blanchiment et acc\u00e9l\u00e8re le blanchiment<\/li><\/ul>\n\n\n\n<p class=\"gb-headline gb-headline-7ee78c17 gb-headline-text\"><strong>Recommand\u00e9 : ajoutez notre Power Swab pour 20$<\/strong>. Appliqu\u00e9 avant votre session, il \u00e9limine les grosses taches, intensifie le blanchiment et aide \u00e0 \u00e9liminer la sensibilit\u00e9 que vous pourriez avoir pendant les 24 heures suivant le blanchiment.<\/p>\n\n\n<div class=\"gb-button-wrapper gb-button-wrapper-18d6076f\">\n\n<a class=\"gb-button gb-button-07599d72\" href=\"https:\/\/booking.appointy.com\/natural-smiles\" target=\"_blank\" rel=\"noopener noreferrer\"><span class=\"gb-icon\"><svg aria-hidden=\"true\" role=\"img\" height=\"1em\" width=\"1em\" viewbox=\"0 0 448 512\" xmlns=\"http:\/\/www.w3.org\/2000\/svg\"><path fill=\"currentColor\" d=\"M148 288h-40c-6.6 0-12-5.4-12-12v-40c0-6.6 5.4-12 12-12h40c6.6 0 12 5.4 12 12v40c0 6.6-5.4 12-12 12zm108-12v-40c0-6.6-5.4-12-12-12h-40c-6.6 0-12 5.4-12 12v40c0 6.6 5.4 12 12 12h40c6.6 0 12-5.4 12-12zm96 0v-40c0-6.6-5.4-12-12-12h-40c-6.6 0-12 5.4-12 12v40c0 6.6 5.4 12 12 12h40c6.6 0 12-5.4 12-12zm-96 96v-40c0-6.6-5.4-12-12-12h-40c-6.6 0-12 5.4-12 12v40c0 6.6 5.4 12 12 12h40c6.6 0 12-5.4 12-12zm-96 0v-40c0-6.6-5.4-12-12-12h-40c-6.6 0-12 5.4-12 12v40c0 6.6 5.4 12 12 12h40c6.6 0 12-5.4 12-12zm192 0v-40c0-6.6-5.4-12-12-12h-40c-6.6 0-12 5.4-12 12v40c0 6.6 5.4 12 12 12h40c6.6 0 12-5.4 12-12zm96-260v352c0 26.5-21.5 48-48 48H48c-26.5 0-48-21.5-48-48V112c0-26.5 21.5-48 48-48h48V12c0-6.6 5.4-12 12-12h40c6.6 0 12 5.4 12 12v52h128V12c0-6.6 5.4-12 12-12h40c6.6 0 12 5.4 12 12v52h48c26.5 0 48 21.5 48 48zm-48 346V160H48v298c0 3.3 2.7 6 6 6h340c3.3 0 6-2.7 6-6z\"><\/path><\/svg><\/span><span class=\"gb-button-text\">Prenez rendez-vous<\/span><\/a>\n\n<\/div>\n<\/div><\/div>\n<\/div><\/div><\/div>\n\n<div class=\"gb-grid-column gb-grid-column-66e44706\"><div class=\"gb-container gb-container-66e44706\"><div class=\"gb-inside-container\">\n<div class=\"gb-container gb-container-58daf53c\"><div class=\"gb-inside-container\">\n\n<h2 class=\"gb-headline gb-headline-33e14d47 gb-headline-text\">Session initiale<\/h2>\n\n\n\n<h3 class=\"gb-headline gb-headline-556b34e4 gb-headline-text\">40 Minutes<\/h3>\n\n<\/div><\/div>\n\n<div class=\"gb-container gb-container-92aa287f\"><div class=\"gb-inside-container\">\n\n<h3 class=\"gb-headline gb-headline-8609a598 gb-headline-text\">149$<\/h3>\n\n\n\n<h6 class=\"gb-headline gb-headline-ad21de2f gb-headline-text\">Meilleurs r\u00e9sultats pour votre premi\u00e8re session<\/h6>\n\n\n\n<ul class=\"wp-block-list\"><li>Un gel \u00e0 base de vitamine E est appliqu\u00e9 sur vos gencives pour les prot\u00e9ger<\/li><li>Un gel blanchissant est appliqu\u00e9 sur vos dents<\/li><li>Une lumi\u00e8re LED active le gel de blanchiment et acc\u00e9l\u00e8re le blanchiment<\/li><\/ul>\n\n\n\n<p class=\"gb-headline gb-headline-163cc90e gb-headline-text\"><strong>Recommand\u00e9 : ajoutez notre Power Swab pour 20$<\/strong>. Appliqu\u00e9 avant votre session, il \u00e9limine les grosses taches, intensifie le blanchiment et aide \u00e0 \u00e9liminer la sensibilit\u00e9 que vous pourriez avoir pendant les 24 heures suivant le blanchiment.<\/p>\n\n\n<div class=\"gb-button-wrapper gb-button-wrapper-78c37dbf\">\n\n<a class=\"gb-button gb-button-19fb771d\" href=\"https:\/\/booking.appointy.com\/natural-smiles\" target=\"_blank\" rel=\"noopener noreferrer\"><span class=\"gb-icon\"><svg aria-hidden=\"true\" role=\"img\" height=\"1em\" width=\"1em\" viewbox=\"0 0 448 512\" xmlns=\"http:\/\/www.w3.org\/2000\/svg\"><path fill=\"currentColor\" d=\"M148 288h-40c-6.6 0-12-5.4-12-12v-40c0-6.6 5.4-12 12-12h40c6.6 0 12 5.4 12 12v40c0 6.6-5.4 12-12 12zm108-12v-40c0-6.6-5.4-12-12-12h-40c-6.6 0-12 5.4-12 12v40c0 6.6 5.4 12 12 12h40c6.6 0 12-5.4 12-12zm96 0v-40c0-6.6-5.4-12-12-12h-40c-6.6 0-12 5.4-12 12v40c0 6.6 5.4 12 12 12h40c6.6 0 12-5.4 12-12zm-96 96v-40c0-6.6-5.4-12-12-12h-40c-6.6 0-12 5.4-12 12v40c0 6.6 5.4 12 12 12h40c6.6 0 12-5.4 12-12zm-96 0v-40c0-6.6-5.4-12-12-12h-40c-6.6 0-12 5.4-12 12v40c0 6.6 5.4 12 12 12h40c6.6 0 12-5.4 12-12zm192 0v-40c0-6.6-5.4-12-12-12h-40c-6.6 0-12 5.4-12 12v40c0 6.6 5.4 12 12 12h40c6.6 0 12-5.4 12-12zm96-260v352c0 26.5-21.5 48-48 48H48c-26.5 0-48-21.5-48-48V112c0-26.5 21.5-48 48-48h48V12c0-6.6 5.4-12 12-12h40c6.6 0 12 5.4 12 12v52h128V12c0-6.6 5.4-12 12-12h40c6.6 0 12 5.4 12 12v52h48c26.5 0 48 21.5 48 48zm-48 346V160H48v298c0 3.3 2.7 6 6 6h340c3.3 0 6-2.7 6-6z\"><\/path><\/svg><\/span><span class=\"gb-button-text\">Prenez rendez-vous<\/span><\/a>\n\n<\/div>\n<\/div><\/div>\n<\/div><\/div><\/div>\n\n<div class=\"gb-grid-column gb-grid-column-1b87134a\"><div class=\"gb-container gb-container-1b87134a\"><div class=\"gb-inside-container\">\n<div class=\"gb-container gb-container-f7790cda\"><div class=\"gb-inside-container\">\n\n<h2 class=\"gb-headline gb-headline-af4eb94f gb-headline-text\">Session d&rsquo;entretien<\/h2>\n\n\n\n<h3 class=\"gb-headline gb-headline-aa9bdee8 gb-headline-text\">20 Minutes<\/h3>\n\n<\/div><\/div>\n\n<div class=\"gb-container gb-container-d395777b\"><div class=\"gb-inside-container\">\n\n<h3 class=\"gb-headline gb-headline-3d93cdbc gb-headline-text\">79$<\/h3>\n\n\n\n<h6 class=\"gb-headline gb-headline-6d033da3 gb-headline-text\">Gardez vos dents blanches<\/h6>\n\n\n\n<p>Nous recommandons des s\u00e9ances de suivi tous les 6 mois pour \u00e9liminer toute d\u00e9coloration qui s&rsquo;est produite pendant cette p\u00e9riode et garder vos dents en bon \u00e9tat.<\/p>\n\n\n\n<p class=\"gb-headline gb-headline-9152f1e7 gb-headline-text\"><strong>Recommand\u00e9 : ajoutez notre Power Swab pour 20$<\/strong>. Appliqu\u00e9 avant votre session, il \u00e9limine les grosses taches, intensifie le blanchiment et aide \u00e0 \u00e9liminer la sensibilit\u00e9 que vous pourriez avoir pendant les 24 heures suivant le blanchiment.<\/p>\n\n\n<div class=\"gb-button-wrapper gb-button-wrapper-e8af9317\">\n\n<a class=\"gb-button gb-button-2c4b3793\" href=\"https:\/\/booking.appointy.com\/natural-smiles\" target=\"_blank\" rel=\"noopener noreferrer\"><span class=\"gb-icon\"><svg aria-hidden=\"true\" role=\"img\" height=\"1em\" width=\"1em\" viewbox=\"0 0 448 512\" xmlns=\"http:\/\/www.w3.org\/2000\/svg\"><path fill=\"currentColor\" d=\"M148 288h-40c-6.6 0-12-5.4-12-12v-40c0-6.6 5.4-12 12-12h40c6.6 0 12 5.4 12 12v40c0 6.6-5.4 12-12 12zm108-12v-40c0-6.6-5.4-12-12-12h-40c-6.6 0-12 5.4-12 12v40c0 6.6 5.4 12 12 12h40c6.6 0 12-5.4 12-12zm96 0v-40c0-6.6-5.4-12-12-12h-40c-6.6 0-12 5.4-12 12v40c0 6.6 5.4 12 12 12h40c6.6 0 12-5.4 12-12zm-96 96v-40c0-6.6-5.4-12-12-12h-40c-6.6 0-12 5.4-12 12v40c0 6.6 5.4 12 12 12h40c6.6 0 12-5.4 12-12zm-96 0v-40c0-6.6-5.4-12-12-12h-40c-6.6 0-12 5.4-12 12v40c0 6.6 5.4 12 12 12h40c6.6 0 12-5.4 12-12zm192 0v-40c0-6.6-5.4-12-12-12h-40c-6.6 0-12 5.4-12 12v40c0 6.6 5.4 12 12 12h40c6.6 0 12-5.4 12-12zm96-260v352c0 26.5-21.5 48-48 48H48c-26.5 0-48-21.5-48-48V112c0-26.5 21.5-48 48-48h48V12c0-6.6 5.4-12 12-12h40c6.6 0 12 5.4 12 12v52h128V12c0-6.6 5.4-12 12-12h40c6.6 0 12 5.4 12 12v52h48c26.5 0 48 21.5 48 48zm-48 346V160H48v298c0 3.3 2.7 6 6 6h340c3.3 0 6-2.7 6-6z\"><\/path><\/svg><\/span><span class=\"gb-button-text\">Prenez rendez-vous<\/span><\/a>\n\n<\/div>\n<\/div><\/div>\n<\/div><\/div><\/div>\n<\/div>\n<\/div><\/div>","protected":false},"excerpt":{"rendered":"<p>Comment fonctionne notre traitement Nous utilisons une technologie LED de pointe pour blanchir les dents rapidement et en toute s\u00e9curit\u00e9. Commentaires de nos clients \u2b50\u2b50\u2b50\u2b50\u2b50<\/p>\n","protected":false},"author":2,"featured_media":0,"parent":0,"menu_order":0,"comment_status":"closed","ping_status":"closed","template":"","meta":{"footnotes":""},"class_list":["post-4949","page","type-page","status-publish"],"_links":{"self":[{"href":"https:\/\/natural-smiles.ca\/fr\/wp-json\/wp\/v2\/pages\/4949","targetHints":{"allow":["GET"]}}],"collection":[{"href":"https:\/\/natural-smiles.ca\/fr\/wp-json\/wp\/v2\/pages"}],"about":[{"href":"https:\/\/natural-smiles.ca\/fr\/wp-json\/wp\/v2\/types\/page"}],"author":[{"embeddable":true,"href":"https:\/\/natural-smiles.ca\/fr\/wp-json\/wp\/v2\/users\/2"}],"replies":[{"embeddable":true,"href":"https:\/\/natural-smiles.ca\/fr\/wp-json\/wp\/v2\/comments?post=4949"}],"version-history":[{"count":5,"href":"https:\/\/natural-smiles.ca\/fr\/wp-json\/wp\/v2\/pages\/4949\/revisions"}],"predecessor-version":[{"id":5063,"href":"https:\/\/natural-smiles.ca\/fr\/wp-json\/wp\/v2\/pages\/4949\/revisions\/5063"}],"wp:attachment":[{"href":"https:\/\/natural-smiles.ca\/fr\/wp-json\/wp\/v2\/media?parent=4949"}],"curies":[{"name":"wp","href":"https:\/\/api.w.org\/{rel}","templated":true}]}}