{"id":4950,"date":"2020-10-26T20:24:54","date_gmt":"2020-10-26T20:24:54","guid":{"rendered":"http:\/\/natural-smiles.local\/blanchissement-dentaire\/"},"modified":"2022-09-08T13:32:32","modified_gmt":"2022-09-08T13:32:32","slug":"blanchiment-dentaire","status":"publish","type":"page","link":"https:\/\/natural-smiles.ca\/fr\/blanchiment-dentaire\/","title":{"rendered":"Blanchiment dentaire"},"content":{"rendered":"<div class=\"gb-container gb-container-64391086\"><div class=\"gb-inside-container\">\n<div class=\"gb-grid-wrapper gb-grid-wrapper-76fa5682\">\n<div class=\"gb-grid-column gb-grid-column-7fddd5ff\"><div class=\"gb-container gb-container-7fddd5ff\"><div class=\"gb-inside-container\">\n\n<p class=\"gb-headline gb-headline-9b73ecbe\"><span class=\"gb-icon\"><svg xmlns=\"http:\/\/www.w3.org\/2000\/svg\" viewbox=\"0 0 36.7 3\"><path d=\"M0 0h36.7v3H0z\"><\/path><\/svg><\/span><span class=\"gb-headline-text\">Pour des dents blanches et brillantes<\/span><\/p>\n\n\n\n<h2 class=\"gb-headline gb-headline-d14c8852 gb-headline-text\">Nous utilisons une technologie de pointe s\u00fbre et efficace.<\/h2>\n\n\n\n<p>Notre processus de blanchiment utilise un gel qui est appliqu\u00e9 sur vos dents et expos\u00e9 \u00e0 des longueurs d&rsquo;onde sp\u00e9cifiques de lumi\u00e8re LED. Notre syst\u00e8me de blanchiment n&rsquo;endommage pas l&rsquo;\u00e9mail de vos dents et provoque peu ou pas de sensibilit\u00e9 dentaire.<\/p>\n\n<\/div><\/div><\/div>\n\n<div class=\"gb-grid-column gb-grid-column-0896ed09\"><div class=\"gb-container gb-container-0896ed09\"><div class=\"gb-inside-container\">\n\n<figure class=\"wp-block-image size-large blue-shadow img\"><img loading=\"lazy\" decoding=\"async\" width=\"1024\" height=\"745\" src=\"https:\/\/natural-smiles.ca\/wp-content\/uploads\/2022\/04\/couple-laughing-e1649865876589-1024x745.jpg\" alt=\"\" class=\"wp-image-4751\"><\/figure>\n\n<\/div><\/div><\/div>\n<\/div>\n<\/div><\/div>\n\n<div class=\"gb-container gb-container-5390ffa5\"><div class=\"gb-inside-container\">\n\n<h2 class=\"gb-headline gb-headline-e0f943d2 gb-headline-text\">Jusqu&rsquo;\u00e0 8 nuances de plus blanc<\/h2>\n\n\n\n<p class=\"has-text-align-center\">Notre proc\u00e9d\u00e9 est s\u00fbr et efficace et vous donne des r\u00e9sultats instantan\u00e9s d&rsquo;apparence naturelle jusqu&rsquo;\u00e0 8 nuances plus blanches qu&rsquo;auparavant.<\/p>\n\n\n<div class=\"wp-block-image\">\n<figure class=\"aligncenter size-full\"><img loading=\"lazy\" decoding=\"async\" width=\"800\" height=\"76\" src=\"https:\/\/natural-smiles.ca\/wp-content\/uploads\/2022\/04\/whitening-chart-cropped-2.png\" alt=\"\" class=\"wp-image-4839\" srcset=\"https:\/\/natural-smiles.ca\/wp-content\/uploads\/2022\/04\/whitening-chart-cropped-2.png 800w, https:\/\/natural-smiles.ca\/wp-content\/uploads\/2022\/04\/whitening-chart-cropped-2-300x29.png 300w, https:\/\/natural-smiles.ca\/wp-content\/uploads\/2022\/04\/whitening-chart-cropped-2-768x73.png 768w\" sizes=\"auto, (max-width: 800px) 100vw, 800px\" \/><\/figure>\n<\/div>\n<\/div><\/div>\n\n<div class=\"gb-container gb-container-f4f6bf6c\"><div class=\"gb-inside-container\">\n\n<h2 class=\"gb-headline gb-headline-e7b1b540 gb-headline-text\">Questions fr\u00e9quemment pos\u00e9es<\/h2>\n\n\n<div class=\"gb-grid-wrapper gb-grid-wrapper-e1121961\">\n<div class=\"gb-grid-column gb-grid-column-7a087462\"><div class=\"gb-container gb-container-7a087462\"><div class=\"gb-inside-container\">\n\n<h3 class=\"wp-block-heading\" style=\"font-size:24px;line-height:1.3\"><strong>Comment me pr\u00e9parer pour mon blanchiment dentaire?<\/strong><\/h3>\n\n\n\n<p>Nous vous recommandons d&rsquo;\u00eatre prudent lorsque vous vous brossez les dents dans les quatre heures pr\u00e9c\u00e9dant votre rendez-vous. Les poils de votre brosse \u00e0 dents peuvent rendre vos gencives plus sensibles \u00e0 la solution.<\/p>\n\n<\/div><\/div><\/div>\n\n<div class=\"gb-grid-column gb-grid-column-f8fae385\"><div class=\"gb-container gb-container-f8fae385\"><div class=\"gb-inside-container\">\n\n<h3 class=\"wp-block-heading\" style=\"font-size:24px;line-height:1.3\"><strong><strong>Y a-t-il des effets secondaires au processus de blanchiment?<\/strong><\/strong><\/h3>\n\n\n\n<p>La sensibilit\u00e9 temporaire des gencives ou des dents est l&rsquo;effet secondaire le plus courant du processus de blanchiment. Dans les rares cas o\u00f9 cela se produit, cela dure environ 12 heures jusqu&rsquo;\u00e0 ce que les pores de vos dents se referment. Nous offrons un produit qui aide \u00e0 pr\u00e9venir la sensibilit\u00e9 apr\u00e8s une session de blanchiment.<\/p>\n\n<\/div><\/div><\/div>\n\n<div class=\"gb-grid-column gb-grid-column-6ce8a086\"><div class=\"gb-container gb-container-6ce8a086\"><div class=\"gb-inside-container\">\n\n<h3 class=\"wp-block-heading\" style=\"font-size:24px;line-height:1.3\"><strong><strong>Quelles sont les instructions d&rsquo;entretien?<\/strong><\/strong><\/h3>\n\n\n\n<p>Nous recommandons de ne pas avoir plus que de l&rsquo;eau \u00e0 temp\u00e9rature de la pi\u00e8ce pendant une heure apr\u00e8s le traitement et de ne consommer que des aliments blancs, clairs ou de couleur neutre pendant les premi\u00e8res 24 heures. Une liste d&rsquo;options compl\u00e8tes peut vous \u00eatre fournie avant votre session sur demande.<\/p>\n\n<\/div><\/div><\/div>\n<\/div>\n<\/div><\/div>\n\n<div class=\"gb-container gb-container-cced38c7\"><div class=\"gb-inside-container\">\n\n<h3 class=\"gb-headline gb-headline-9b0597f3\"><span class=\"gb-icon\"><svg viewbox=\"0 0 36.7 3\" xmlns=\"http:\/\/www.w3.org\/2000\/svg\"><path d=\"M0 0h36.7v3H0z\"><\/path><\/svg><\/span><span class=\"gb-headline-text\">Commentaires de nos clients<\/span><\/h3>\n\n\n\n<p class=\"has-text-align-center\">\u2b50\u2b50\u2b50\u2b50\u2b50<\/p>\n\n\n<div class=\"gb-grid-wrapper gb-grid-wrapper-40ac0aad\">\n<div class=\"gb-grid-column gb-grid-column-72224779\"><div class=\"gb-container gb-container-72224779\"><div class=\"gb-inside-container\">\n\n<h4 class=\"gb-headline gb-headline-70db4038 gb-headline-text\">P.S.<\/h4>\n\n\n\n<p>Un service g\u00e9nial et Monic est incroyable, expliquant tout ce qu&rsquo;elle fait et s&rsquo;assurant que vous \u00eates \u00e0 l&rsquo;aise. Le prix est super, c&rsquo;est comme avoir de nouvelles dents. Je recommande vivement, merci Monic!<\/p>\n\n<\/div><\/div><\/div>\n\n<div class=\"gb-grid-column gb-grid-column-2df95670\"><div class=\"gb-container gb-container-2df95670\"><div class=\"gb-inside-container\">\n\n<h4 class=\"gb-headline gb-headline-d0760bcc gb-headline-text\">Z.M.<\/h4>\n\n\n\n<p>Monic est tr\u00e8s professionnelle, elle s&rsquo;assure que vous comprenez tout le processus. Mon sourire est maintenant beaucoup plus blanc et je recommande Monic ainsi que Natural Smiles \u00e0 tout le monde.<\/p>\n\n<\/div><\/div><\/div>\n\n<div class=\"gb-grid-column gb-grid-column-98085887\"><div class=\"gb-container gb-container-98085887\"><div class=\"gb-inside-container\">\n\n<h4 class=\"gb-headline gb-headline-69afaa6b gb-headline-text\">A.C.<\/h4>\n\n\n\n<p>Belle exp\u00e9rience. Le processus est tr\u00e8s bien expliqu\u00e9 et l&rsquo;exp\u00e9rience est formidable lorsque vous \u00eates assis dans un fauteuil de massage inclinable et que vous regardez la t\u00e9l\u00e9vision ou \u00e9coutez de la musique pendant votre traitement. Les r\u00e9sultats sont fantastiques et instantan\u00e9s!<\/p>\n\n<\/div><\/div><\/div>\n<\/div>\n\n<div class=\"gb-button-wrapper gb-button-wrapper-f50cc7f0\">\n\n<a class=\"gb-button gb-button-4d56ebb8 gb-button-text button\" href=\"https:\/\/www.google.com\/search?hl=en&amp;q=natural%20smiles%20moncton#lrd=0x4ca0b938408286cf:0x247ff8370387397a,1,,,\" target=\"_blank\" rel=\"noopener noreferrer\">D&rsquo;autres t\u00e9moignages<\/a>\n\n<\/div>\n<\/div><\/div>\n\n<div class=\"gb-container gb-container-1219f912\"><div class=\"gb-inside-container\">\n<div class=\"gb-grid-wrapper gb-grid-wrapper-252ec53a\">\n<div class=\"gb-grid-column gb-grid-column-9e976d0b\"><div class=\"gb-container gb-container-9e976d0b\"><div class=\"gb-inside-container\">\n\n<figure class=\"wp-block-image size-large blue-shadow img\"><img loading=\"lazy\" decoding=\"async\" width=\"1024\" height=\"783\" src=\"https:\/\/natural-smiles.ca\/wp-content\/uploads\/2022\/04\/freestock_171350735-1024x783.jpg\" alt=\"\" class=\"wp-image-4817\"><\/figure>\n\n<\/div><\/div><\/div>\n\n<div class=\"gb-grid-column gb-grid-column-1ca9a559\"><div class=\"gb-container gb-container-1ca9a559\"><div class=\"gb-inside-container\">\n\n<p class=\"gb-headline gb-headline-a2313243\"><span class=\"gb-icon\"><svg xmlns=\"http:\/\/www.w3.org\/2000\/svg\" viewbox=\"0 0 36.7 3\"><path d=\"M0 0h36.7v3H0z\"><\/path><\/svg><\/span><span class=\"gb-headline-text\">Rendez-vous<\/span><\/p>\n\n\n\n<h2 class=\"gb-headline gb-headline-aea1b62d gb-headline-text\">Contactez-nous d\u00e8s aujourd&rsquo;hui pour prendre rendez-vous.<\/h2>\n\n\n\n<p>Vous pouvez utiliser notre syst\u00e8me de r\u00e9servation en ligne pour planifier un rendez-vous qui vous convient. La plupart des patients voient des r\u00e9sultats imm\u00e9diats apr\u00e8s leur premier traitement de 20 minutes !<\/p>\n\n<\/div><\/div><\/div>\n<\/div>\n<\/div><\/div>\n\n<div class=\"gb-container gb-container-8ad6ffa8\"><div class=\"gb-inside-container\">\n<div class=\"gb-grid-wrapper gb-grid-wrapper-5004a20b\">\n<div class=\"gb-grid-column gb-grid-column-dcb52c43\"><div class=\"gb-container gb-container-dcb52c43\"><div class=\"gb-inside-container\">\n<div class=\"gb-container gb-container-56fb7932\"><div class=\"gb-inside-container\">\n\n<h2 class=\"gb-headline gb-headline-2179f63e gb-headline-text\">Session initiale<\/h2>\n\n\n\n<h3 class=\"gb-headline gb-headline-56cf6299 gb-headline-text\">20 Minutes<\/h3>\n\n<\/div><\/div>\n\n<div class=\"gb-container gb-container-306616a6\"><div class=\"gb-inside-container\">\n\n<h3 class=\"gb-headline gb-headline-ed6c4175 gb-headline-text\">99$<\/h3>\n\n\n\n<h6 class=\"gb-headline gb-headline-b460f1d5 gb-headline-text\">Bon pour des r\u00e9sultats rapides<\/h6>\n\n\n\n<ul class=\"wp-block-list\"><li>Un gel \u00e0 base de vitamine E est appliqu\u00e9 sur vos gencives pour les prot\u00e9ger<\/li><li>Un gel blanchissant est appliqu\u00e9 sur vos dents<\/li><li>Une lumi\u00e8re LED active le gel de blanchiment et acc\u00e9l\u00e8re le blanchiment<\/li><\/ul>\n\n\n\n<p class=\"gb-headline gb-headline-7ee78c17 gb-headline-text\"><strong>Recommand\u00e9 : ajoutez notre Power Swab pour 20$<\/strong>. Appliqu\u00e9 avant votre session, il \u00e9limine les grosses taches, intensifie le blanchiment et aide \u00e0 \u00e9liminer la sensibilit\u00e9 que vous pourriez avoir pendant les 24 heures suivant le blanchiment.<\/p>\n\n\n<div class=\"gb-button-wrapper gb-button-wrapper-18d6076f\">\n\n<a class=\"gb-button gb-button-07599d72\" href=\"https:\/\/booking.appointy.com\/natural-smiles\" target=\"_blank\" rel=\"noopener noreferrer\"><span class=\"gb-icon\"><svg aria-hidden=\"true\" role=\"img\" height=\"1em\" width=\"1em\" viewbox=\"0 0 448 512\" xmlns=\"http:\/\/www.w3.org\/2000\/svg\"><path fill=\"currentColor\" d=\"M148 288h-40c-6.6 0-12-5.4-12-12v-40c0-6.6 5.4-12 12-12h40c6.6 0 12 5.4 12 12v40c0 6.6-5.4 12-12 12zm108-12v-40c0-6.6-5.4-12-12-12h-40c-6.6 0-12 5.4-12 12v40c0 6.6 5.4 12 12 12h40c6.6 0 12-5.4 12-12zm96 0v-40c0-6.6-5.4-12-12-12h-40c-6.6 0-12 5.4-12 12v40c0 6.6 5.4 12 12 12h40c6.6 0 12-5.4 12-12zm-96 96v-40c0-6.6-5.4-12-12-12h-40c-6.6 0-12 5.4-12 12v40c0 6.6 5.4 12 12 12h40c6.6 0 12-5.4 12-12zm-96 0v-40c0-6.6-5.4-12-12-12h-40c-6.6 0-12 5.4-12 12v40c0 6.6 5.4 12 12 12h40c6.6 0 12-5.4 12-12zm192 0v-40c0-6.6-5.4-12-12-12h-40c-6.6 0-12 5.4-12 12v40c0 6.6 5.4 12 12 12h40c6.6 0 12-5.4 12-12zm96-260v352c0 26.5-21.5 48-48 48H48c-26.5 0-48-21.5-48-48V112c0-26.5 21.5-48 48-48h48V12c0-6.6 5.4-12 12-12h40c6.6 0 12 5.4 12 12v52h128V12c0-6.6 5.4-12 12-12h40c6.6 0 12 5.4 12 12v52h48c26.5 0 48 21.5 48 48zm-48 346V160H48v298c0 3.3 2.7 6 6 6h340c3.3 0 6-2.7 6-6z\"><\/path><\/svg><\/span><span class=\"gb-button-text\">Prenez rendez-vous<\/span><\/a>\n\n<\/div>\n<\/div><\/div>\n<\/div><\/div><\/div>\n\n<div class=\"gb-grid-column gb-grid-column-66e44706\"><div class=\"gb-container gb-container-66e44706\"><div class=\"gb-inside-container\">\n<div class=\"gb-container gb-container-58daf53c\"><div class=\"gb-inside-container\">\n\n<h2 class=\"gb-headline gb-headline-33e14d47 gb-headline-text\">Session initiale<\/h2>\n\n\n\n<h3 class=\"gb-headline gb-headline-556b34e4 gb-headline-text\">40 Minutes<\/h3>\n\n<\/div><\/div>\n\n<div class=\"gb-container gb-container-92aa287f\"><div class=\"gb-inside-container\">\n\n<h3 class=\"gb-headline gb-headline-8609a598 gb-headline-text\">149$<\/h3>\n\n\n\n<h6 class=\"gb-headline gb-headline-ad21de2f gb-headline-text\">Meilleurs r\u00e9sultats pour votre premi\u00e8re session<\/h6>\n\n\n\n<ul class=\"wp-block-list\"><li>Un gel \u00e0 base de vitamine E est appliqu\u00e9 sur vos gencives pour les prot\u00e9ger<\/li><li>Un gel blanchissant est appliqu\u00e9 sur vos dents<\/li><li>Une lumi\u00e8re LED active le gel de blanchiment et acc\u00e9l\u00e8re le blanchiment<\/li><\/ul>\n\n\n\n<p class=\"gb-headline gb-headline-163cc90e gb-headline-text\"><strong>Recommand\u00e9 : ajoutez notre Power Swab pour 20$<\/strong>. Appliqu\u00e9 avant votre session, il \u00e9limine les grosses taches, intensifie le blanchiment et aide \u00e0 \u00e9liminer la sensibilit\u00e9 que vous pourriez avoir pendant les 24 heures suivant le blanchiment.<\/p>\n\n\n<div class=\"gb-button-wrapper gb-button-wrapper-78c37dbf\">\n\n<a class=\"gb-button gb-button-19fb771d\" href=\"https:\/\/booking.appointy.com\/natural-smiles\" target=\"_blank\" rel=\"noopener noreferrer\"><span class=\"gb-icon\"><svg aria-hidden=\"true\" role=\"img\" height=\"1em\" width=\"1em\" viewbox=\"0 0 448 512\" xmlns=\"http:\/\/www.w3.org\/2000\/svg\"><path fill=\"currentColor\" d=\"M148 288h-40c-6.6 0-12-5.4-12-12v-40c0-6.6 5.4-12 12-12h40c6.6 0 12 5.4 12 12v40c0 6.6-5.4 12-12 12zm108-12v-40c0-6.6-5.4-12-12-12h-40c-6.6 0-12 5.4-12 12v40c0 6.6 5.4 12 12 12h40c6.6 0 12-5.4 12-12zm96 0v-40c0-6.6-5.4-12-12-12h-40c-6.6 0-12 5.4-12 12v40c0 6.6 5.4 12 12 12h40c6.6 0 12-5.4 12-12zm-96 96v-40c0-6.6-5.4-12-12-12h-40c-6.6 0-12 5.4-12 12v40c0 6.6 5.4 12 12 12h40c6.6 0 12-5.4 12-12zm-96 0v-40c0-6.6-5.4-12-12-12h-40c-6.6 0-12 5.4-12 12v40c0 6.6 5.4 12 12 12h40c6.6 0 12-5.4 12-12zm192 0v-40c0-6.6-5.4-12-12-12h-40c-6.6 0-12 5.4-12 12v40c0 6.6 5.4 12 12 12h40c6.6 0 12-5.4 12-12zm96-260v352c0 26.5-21.5 48-48 48H48c-26.5 0-48-21.5-48-48V112c0-26.5 21.5-48 48-48h48V12c0-6.6 5.4-12 12-12h40c6.6 0 12 5.4 12 12v52h128V12c0-6.6 5.4-12 12-12h40c6.6 0 12 5.4 12 12v52h48c26.5 0 48 21.5 48 48zm-48 346V160H48v298c0 3.3 2.7 6 6 6h340c3.3 0 6-2.7 6-6z\"><\/path><\/svg><\/span><span class=\"gb-button-text\">Prenez rendez-vous<\/span><\/a>\n\n<\/div>\n<\/div><\/div>\n<\/div><\/div><\/div>\n\n<div class=\"gb-grid-column gb-grid-column-1b87134a\"><div class=\"gb-container gb-container-1b87134a\"><div class=\"gb-inside-container\">\n<div class=\"gb-container gb-container-f7790cda\"><div class=\"gb-inside-container\">\n\n<h2 class=\"gb-headline gb-headline-af4eb94f gb-headline-text\">Session d&rsquo;entretien<\/h2>\n\n\n\n<h3 class=\"gb-headline gb-headline-aa9bdee8 gb-headline-text\">20 Minutes<\/h3>\n\n<\/div><\/div>\n\n<div class=\"gb-container gb-container-d395777b\"><div class=\"gb-inside-container\">\n\n<h3 class=\"gb-headline gb-headline-3d93cdbc gb-headline-text\">79$<\/h3>\n\n\n\n<h6 class=\"gb-headline gb-headline-6d033da3 gb-headline-text\">Gardez vos dents blanches<\/h6>\n\n\n\n<p>Nous recommandons des s\u00e9ances de suivi tous les 6 mois pour \u00e9liminer toute d\u00e9coloration qui s&rsquo;est produite pendant cette p\u00e9riode et garder vos dents en bon \u00e9tat.<\/p>\n\n\n\n<p class=\"gb-headline gb-headline-9152f1e7 gb-headline-text\"><strong>Recommand\u00e9 : ajoutez notre Power Swab pour 20$<\/strong>. Appliqu\u00e9 avant votre session, il \u00e9limine les grosses taches, intensifie le blanchiment et aide \u00e0 \u00e9liminer la sensibilit\u00e9 que vous pourriez avoir pendant les 24 heures suivant le blanchiment.<\/p>\n\n\n<div class=\"gb-button-wrapper gb-button-wrapper-e8af9317\">\n\n<a class=\"gb-button gb-button-2c4b3793\" href=\"https:\/\/booking.appointy.com\/natural-smiles\" target=\"_blank\" rel=\"noopener noreferrer\"><span class=\"gb-icon\"><svg aria-hidden=\"true\" role=\"img\" height=\"1em\" width=\"1em\" viewbox=\"0 0 448 512\" xmlns=\"http:\/\/www.w3.org\/2000\/svg\"><path fill=\"currentColor\" d=\"M148 288h-40c-6.6 0-12-5.4-12-12v-40c0-6.6 5.4-12 12-12h40c6.6 0 12 5.4 12 12v40c0 6.6-5.4 12-12 12zm108-12v-40c0-6.6-5.4-12-12-12h-40c-6.6 0-12 5.4-12 12v40c0 6.6 5.4 12 12 12h40c6.6 0 12-5.4 12-12zm96 0v-40c0-6.6-5.4-12-12-12h-40c-6.6 0-12 5.4-12 12v40c0 6.6 5.4 12 12 12h40c6.6 0 12-5.4 12-12zm-96 96v-40c0-6.6-5.4-12-12-12h-40c-6.6 0-12 5.4-12 12v40c0 6.6 5.4 12 12 12h40c6.6 0 12-5.4 12-12zm-96 0v-40c0-6.6-5.4-12-12-12h-40c-6.6 0-12 5.4-12 12v40c0 6.6 5.4 12 12 12h40c6.6 0 12-5.4 12-12zm192 0v-40c0-6.6-5.4-12-12-12h-40c-6.6 0-12 5.4-12 12v40c0 6.6 5.4 12 12 12h40c6.6 0 12-5.4 12-12zm96-260v352c0 26.5-21.5 48-48 48H48c-26.5 0-48-21.5-48-48V112c0-26.5 21.5-48 48-48h48V12c0-6.6 5.4-12 12-12h40c6.6 0 12 5.4 12 12v52h128V12c0-6.6 5.4-12 12-12h40c6.6 0 12 5.4 12 12v52h48c26.5 0 48 21.5 48 48zm-48 346V160H48v298c0 3.3 2.7 6 6 6h340c3.3 0 6-2.7 6-6z\"><\/path><\/svg><\/span><span class=\"gb-button-text\">Prenez rendez-vous<\/span><\/a>\n\n<\/div>\n<\/div><\/div>\n<\/div><\/div><\/div>\n<\/div>\n<\/div><\/div>","protected":false},"excerpt":{"rendered":"<p>Jusqu&rsquo;\u00e0 8 nuances de plus blanc Notre proc\u00e9d\u00e9 est s\u00fbr et efficace et vous donne des r\u00e9sultats instantan\u00e9s d&rsquo;apparence naturelle jusqu&rsquo;\u00e0 8 nuances plus blanches qu&rsquo;auparavant. Questions fr\u00e9quemment pos\u00e9es Commentaires de nos clients \u2b50\u2b50\u2b50\u2b50\u2b50<\/p>\n","protected":false},"author":2,"featured_media":0,"parent":0,"menu_order":0,"comment_status":"closed","ping_status":"closed","template":"","meta":{"footnotes":""},"class_list":["post-4950","page","type-page","status-publish"],"_links":{"self":[{"href":"https:\/\/natural-smiles.ca\/fr\/wp-json\/wp\/v2\/pages\/4950","targetHints":{"allow":["GET"]}}],"collection":[{"href":"https:\/\/natural-smiles.ca\/fr\/wp-json\/wp\/v2\/pages"}],"about":[{"href":"https:\/\/natural-smiles.ca\/fr\/wp-json\/wp\/v2\/types\/page"}],"author":[{"embeddable":true,"href":"https:\/\/natural-smiles.ca\/fr\/wp-json\/wp\/v2\/users\/2"}],"replies":[{"embeddable":true,"href":"https:\/\/natural-smiles.ca\/fr\/wp-json\/wp\/v2\/comments?post=4950"}],"version-history":[{"count":5,"href":"https:\/\/natural-smiles.ca\/fr\/wp-json\/wp\/v2\/pages\/4950\/revisions"}],"predecessor-version":[{"id":5064,"href":"https:\/\/natural-smiles.ca\/fr\/wp-json\/wp\/v2\/pages\/4950\/revisions\/5064"}],"wp:attachment":[{"href":"https:\/\/natural-smiles.ca\/fr\/wp-json\/wp\/v2\/media?parent=4950"}],"curies":[{"name":"wp","href":"https:\/\/api.w.org\/{rel}","templated":true}]}}